{"id":651,"date":"2023-12-14T16:28:43","date_gmt":"2023-12-15T00:28:43","guid":{"rendered":"https:\/\/inspireglobal.wpenginepowered.com\/innovation\/integrated-assessments\/"},"modified":"2026-03-26T09:10:46","modified_gmt":"2026-03-26T16:10:46","slug":"integrated-assessments","status":"publish","type":"page","link":"https:\/\/www.inspireassessments.org\/fr\/integrated-assessments\/","title":{"rendered":"\u00c9valuations int\u00e9gr\u00e9es"},"content":{"rendered":"","protected":false},"excerpt":{"rendered":"","protected":false},"author":3,"featured_media":0,"parent":0,"menu_order":0,"comment_status":"closed","ping_status":"closed","template":"page_standard.php","meta":{"_acf_changed":false,"_genesis_hide_title":false,"_genesis_hide_breadcrumbs":false,"_genesis_hide_singular_image":false,"_genesis_hide_footer_widgets":false,"_genesis_custom_body_class":"","_genesis_custom_post_class":"","_genesis_layout":"","footnotes":""},"class_list":{"0":"post-651","1":"page","2":"type-page","3":"status-publish","5":"entry"},"acf":[],"_links":{"self":[{"href":"https:\/\/www.inspireassessments.org\/fr\/wp-json\/wp\/v2\/pages\/651","targetHints":{"allow":["GET"]}}],"collection":[{"href":"https:\/\/www.inspireassessments.org\/fr\/wp-json\/wp\/v2\/pages"}],"about":[{"href":"https:\/\/www.inspireassessments.org\/fr\/wp-json\/wp\/v2\/types\/page"}],"author":[{"embeddable":true,"href":"https:\/\/www.inspireassessments.org\/fr\/wp-json\/wp\/v2\/users\/3"}],"replies":[{"embeddable":true,"href":"https:\/\/www.inspireassessments.org\/fr\/wp-json\/wp\/v2\/comments?post=651"}],"version-history":[{"count":0,"href":"https:\/\/www.inspireassessments.org\/fr\/wp-json\/wp\/v2\/pages\/651\/revisions"}],"wp:attachment":[{"href":"https:\/\/www.inspireassessments.org\/fr\/wp-json\/wp\/v2\/media?parent=651"}],"curies":[{"name":"wp","href":"https:\/\/api.w.org\/{rel}","templated":true}]}}